{"id":906,"date":"2025-03-28T12:49:26","date_gmt":"2025-03-28T11:49:26","guid":{"rendered":"https:\/\/www.veringnordics.com\/legal-notice\/"},"modified":"2025-03-28T12:53:20","modified_gmt":"2025-03-28T11:53:20","slug":"legal-notice","status":"publish","type":"page","link":"https:\/\/www.veringnordics.com\/sv\/legal-notice\/","title":{"rendered":"Juridisk information"},"content":{"rendered":"<div id='av_section_1'  class='avia-section av-ax68v-862cfff73cff6909d6db9046d99fac72 main_color avia-section-large avia-no-border-styling  avia-builder-el-0  avia-builder-el-no-sibling  avia-bg-style-scroll container_wrap fullsize'  ><div class='container av-section-cont-open' ><main  role=\"main\" itemprop=\"mainContentOfPage\"  class='template-page content  av-content-full alpha units'><div class='post-entry post-entry-type-page post-entry-906'><div class='entry-content-wrapper clearfix'>\n\n<style type=\"text\/css\" data-created_by=\"avia_inline_auto\" id=\"style-css-av-m8sq1trx-44142273680e8467e3548f86a72ff345\">\n#top .av-special-heading.av-m8sq1trx-44142273680e8467e3548f86a72ff345{\npadding-bottom:10px;\n}\nbody .av-special-heading.av-m8sq1trx-44142273680e8467e3548f86a72ff345 .av-special-heading-tag .heading-char{\nfont-size:25px;\n}\n.av-special-heading.av-m8sq1trx-44142273680e8467e3548f86a72ff345 .av-subheading{\nfont-size:15px;\n}\n<\/style>\n<div  class='av-special-heading av-m8sq1trx-44142273680e8467e3548f86a72ff345 av-special-heading-h3 blockquote modern-quote  avia-builder-el-1  el_before_av_textblock  avia-builder-el-first '><h3 class='av-special-heading-tag '  itemprop=\"headline\"  >Juridisk information<\/h3><div class=\"special-heading-border\"><div class=\"special-heading-inner-border\"><\/div><\/div><\/div>\n<section  class='av_textblock_section av-m8spzeb6-4168190b3683150eef5961405f5ef9b3 '   itemscope=\"itemscope\" itemtype=\"https:\/\/schema.org\/CreativeWork\" ><div class='avia_textblock'  itemprop=\"text\" ><p>F\u00f6retagsnamn:\u00a0Vering Nordics AB<br \/>\nOrganisationsnummer:556316-1354<br \/>\nRegistrerad adress:\u00a0Drottninggatan 86, 11136 Stockholm<br \/>\nRegistreringsland:\u00a0Sverige<br \/>\nMomsregistreringsnummer:\u00a0SE556316135401<br \/>\nE-post:\u00a0<a href=\"mailto:info@veringnordics.com\">info@veringnordics.com<\/a><br \/>\nWebbplats: www.veringnordics.com<\/p>\n<p><strong>Anv\u00e4ndarvillkor<\/strong><br \/>\nGenom att bes\u00f6ka denna webbplats godk\u00e4nner du de villkor som anges h\u00e4r. Inneh\u00e5llet p\u00e5 webbplatsen \u00e4r enbart avsett f\u00f6r informations\u00e4ndam\u00e5l och ska inte betraktas som juridisk, finansiell eller professionell r\u00e5dgivning.<br \/>\nImmateriella r\u00e4ttigheter<br \/>\nAllt inneh\u00e5ll p\u00e5 denna webbplats, inklusive men inte begr\u00e4nsat till text, grafik, logotyper och bilder, tillh\u00f6r Vering Nordics AB om inget annat anges. Obeh\u00f6rig anv\u00e4ndning, kopiering eller spridning av material fr\u00e5n denna webbplats \u00e4r f\u00f6rbjuden.<\/p>\n<p><strong>Ansvarsbegr\u00e4nsning<\/strong><br \/>\nVering Nordics AB str\u00e4var efter att informationen p\u00e5 webbplatsen ska vara korrekt och aktuell. Vi ansvarar dock inte f\u00f6r eventuella f\u00f6rluster eller skador som kan uppst\u00e5 vid anv\u00e4ndning av informationen. Anv\u00e4ndning av webbplatsen sker p\u00e5 egen risk.<\/p>\n<p><strong>L\u00e4nkar till externa webbplatser<\/strong><br \/>\nDenna webbplats kan inneh\u00e5lla l\u00e4nkar till tredjepartswebbplatser. Vering Nordics AB ansvarar inte f\u00f6r inneh\u00e5ll eller tillf\u00f6rlitlighet p\u00e5 s\u00e5dana webbplatser och delar n\u00f6dv\u00e4ndigtvis inte de \u00e5sikter som uttrycks d\u00e4r.<\/p>\n<p><strong>Till\u00e4mplig lag<\/strong><br \/>\nDessa villkor regleras av svensk lag. Eventuella tvister som uppst\u00e5r i samband med denna webbplats ska avg\u00f6ras av svensk domstol med exklusiv jurisdiktion.<\/p>\n<\/div><\/section>\n\n","protected":false},"excerpt":{"rendered":"","protected":false},"author":1,"featured_media":0,"parent":0,"menu_order":0,"comment_status":"closed","ping_status":"closed","template":"","meta":{"inline_featured_image":false,"footnotes":""},"class_list":["post-906","page","type-page","status-publish","hentry"],"_links":{"self":[{"href":"https:\/\/www.veringnordics.com\/sv\/wp-json\/wp\/v2\/pages\/906","targetHints":{"allow":["GET"]}}],"collection":[{"href":"https:\/\/www.veringnordics.com\/sv\/wp-json\/wp\/v2\/pages"}],"about":[{"href":"https:\/\/www.veringnordics.com\/sv\/wp-json\/wp\/v2\/types\/page"}],"author":[{"embeddable":true,"href":"https:\/\/www.veringnordics.com\/sv\/wp-json\/wp\/v2\/users\/1"}],"replies":[{"embeddable":true,"href":"https:\/\/www.veringnordics.com\/sv\/wp-json\/wp\/v2\/comments?post=906"}],"version-history":[{"count":3,"href":"https:\/\/www.veringnordics.com\/sv\/wp-json\/wp\/v2\/pages\/906\/revisions"}],"predecessor-version":[{"id":915,"href":"https:\/\/www.veringnordics.com\/sv\/wp-json\/wp\/v2\/pages\/906\/revisions\/915"}],"wp:attachment":[{"href":"https:\/\/www.veringnordics.com\/sv\/wp-json\/wp\/v2\/media?parent=906"}],"curies":[{"name":"wp","href":"https:\/\/api.w.org\/{rel}","templated":true}]}}