{"id":919,"date":"2025-03-25T13:34:14","date_gmt":"2025-03-25T12:34:14","guid":{"rendered":"https:\/\/www.veringnordics.com\/adenes\/"},"modified":"2025-04-11T11:34:01","modified_gmt":"2025-04-11T09:34:01","slug":"adenes","status":"publish","type":"page","link":"https:\/\/www.veringnordics.com\/sv\/adenes\/","title":{"rendered":"Adenes"},"content":{"rendered":"\n<style type=\"text\/css\" data-created_by=\"avia_inline_auto\" id=\"style-css-av-2s8r08-e3d8969139bcc3e8deb6aa6a6727f8c4\">\n.avia-section.av-2s8r08-e3d8969139bcc3e8deb6aa6a6727f8c4{\nbackground-color:#fafafa;\nbackground-image:url(https:\/\/www.veringnordics.com\/wp-content\/uploads\/2024\/12\/diagonale-symetrie-1.svg);\nbackground-repeat:no-repeat;\nbackground-position:50% 50%;\nbackground-attachment:scroll;\n}\n.avia-section.av-2s8r08-e3d8969139bcc3e8deb6aa6a6727f8c4 .av-section-color-overlay{\nopacity:1;\nbackground-image:url(https:\/\/www.veringnordics.com\/wp-content\/uploads\/2024\/12\/diagonale-symetrie.svg);\nbackground-repeat:repeat;\n}\n<\/style>\n<div id='entrer'  class='avia-section av-2s8r08-e3d8969139bcc3e8deb6aa6a6727f8c4 main_color avia-section-huge avia-no-border-styling  avia-builder-el-0  avia-builder-el-no-sibling  avia-full-stretch avia-bg-style-scroll av-section-color-overlay-active av-minimum-height av-minimum-height-50 av-height-50  container_wrap fullsize'  data-section-bg-repeat='stretch' data-av_minimum_height_pc='50' data-av_min_height_opt='50'><div class=\"av-section-color-overlay-wrap\"><div class=\"av-section-color-overlay\"><\/div><div class='container av-section-cont-open' ><main  role=\"main\" itemprop=\"mainContentOfPage\"  class='template-page content  av-content-full alpha units'><div class='post-entry post-entry-type-page post-entry-919'><div class='entry-content-wrapper clearfix'>\n<div  class='avia-slideshow av-m8oi1nfi-8572c98515d04bce36d06911ef85b455 avia-slideshow-1500x726 av_slideshow avia-fade-slider  avia-builder-el-1  el_before_av_one_full  avia-builder-el-first  av-slideshow-ui av-control-default av-slideshow-autoplay av-loop-endless av-loop-manual-endless av-default-height-applied avia-slideshow-1' data-slideshow-options=\"{&quot;animation&quot;:&quot;fade&quot;,&quot;autoplay&quot;:true,&quot;loop_autoplay&quot;:&quot;endless&quot;,&quot;interval&quot;:2,&quot;loop_manual&quot;:&quot;manual-endless&quot;,&quot;autoplay_stopper&quot;:false,&quot;noNavigation&quot;:false,&quot;bg_slider&quot;:false,&quot;keep_padding&quot;:false,&quot;hoverpause&quot;:false,&quot;show_slide_delay&quot;:0}\"  itemprop=\"image\" itemscope=\"itemscope\" itemtype=\"https:\/\/schema.org\/ImageObject\" ><ul class='avia-slideshow-inner ' style='padding-bottom: 48.387096774194%;'><li  class='avia-slideshow-slide av-m8oi1nfi-8572c98515d04bce36d06911ef85b455__0  slide-1 slide-odd'><div data-rel='slideshow-1' class='avia-slide-wrap '   ><img decoding=\"async\" fetchpriority=\"high\" class=\"wp-image-1055 avia-img-lazy-loading-not-1055\"  src=\"https:\/\/www.veringnordics.com\/wp-content\/uploads\/2025\/04\/adenes-visuel-international-site-vrs-v23.png\" width=\"1240\" height=\"600\" title='adenes-visuel-international-site-vrs-v23' alt=''  itemprop=\"thumbnailUrl\" srcset=\"https:\/\/www.veringnordics.com\/wp-content\/uploads\/2025\/04\/adenes-visuel-international-site-vrs-v23.png 1240w, https:\/\/www.veringnordics.com\/wp-content\/uploads\/2025\/04\/adenes-visuel-international-site-vrs-v23-300x145.png 300w, https:\/\/www.veringnordics.com\/wp-content\/uploads\/2025\/04\/adenes-visuel-international-site-vrs-v23-1030x498.png 1030w, https:\/\/www.veringnordics.com\/wp-content\/uploads\/2025\/04\/adenes-visuel-international-site-vrs-v23-768x372.png 768w, https:\/\/www.veringnordics.com\/wp-content\/uploads\/2025\/04\/adenes-visuel-international-site-vrs-v23-705x341.png 705w, https:\/\/www.veringnordics.com\/wp-content\/uploads\/2025\/04\/adenes-visuel-international-site-vrs-v23-83x40.png 83w, https:\/\/www.veringnordics.com\/wp-content\/uploads\/2025\/04\/adenes-visuel-international-site-vrs-v23-62x30.png 62w\" sizes=\"(max-width: 1240px) 100vw, 1240px\" \/><\/div><\/li><li  class='avia-slideshow-slide av-m8oi1nfi-8572c98515d04bce36d06911ef85b455__1  slide-2 slide-even'><div data-rel='slideshow-1' class='avia-slide-wrap '   ><img decoding=\"async\" fetchpriority=\"high\" class=\"wp-image-1053 avia-img-lazy-loading-not-1053\"  src=\"https:\/\/www.veringnordics.com\/wp-content\/uploads\/2025\/04\/adenes-visuel-international-site-vrs-v24.png\" width=\"1240\" height=\"600\" title='adenes-visuel-international-site-vrs-v24' alt=''  itemprop=\"thumbnailUrl\" srcset=\"https:\/\/www.veringnordics.com\/wp-content\/uploads\/2025\/04\/adenes-visuel-international-site-vrs-v24.png 1240w, https:\/\/www.veringnordics.com\/wp-content\/uploads\/2025\/04\/adenes-visuel-international-site-vrs-v24-300x145.png 300w, https:\/\/www.veringnordics.com\/wp-content\/uploads\/2025\/04\/adenes-visuel-international-site-vrs-v24-1030x498.png 1030w, https:\/\/www.veringnordics.com\/wp-content\/uploads\/2025\/04\/adenes-visuel-international-site-vrs-v24-768x372.png 768w, https:\/\/www.veringnordics.com\/wp-content\/uploads\/2025\/04\/adenes-visuel-international-site-vrs-v24-705x341.png 705w, https:\/\/www.veringnordics.com\/wp-content\/uploads\/2025\/04\/adenes-visuel-international-site-vrs-v24-83x40.png 83w, https:\/\/www.veringnordics.com\/wp-content\/uploads\/2025\/04\/adenes-visuel-international-site-vrs-v24-62x30.png 62w\" sizes=\"(max-width: 1240px) 100vw, 1240px\" \/><\/div><\/li><li  class='avia-slideshow-slide av-m8oi1nfi-8572c98515d04bce36d06911ef85b455__2  slide-3 slide-odd'><div data-rel='slideshow-1' class='avia-slide-wrap '   ><img decoding=\"async\" fetchpriority=\"high\" class=\"wp-image-1051 avia-img-lazy-loading-not-1051\"  src=\"https:\/\/www.veringnordics.com\/wp-content\/uploads\/2025\/04\/adenes-visuel-international-site-vrs-v2.png\" width=\"1240\" height=\"600\" title='adenes-visuel-international-site-vrs-v2' alt=''  itemprop=\"thumbnailUrl\" srcset=\"https:\/\/www.veringnordics.com\/wp-content\/uploads\/2025\/04\/adenes-visuel-international-site-vrs-v2.png 1240w, https:\/\/www.veringnordics.com\/wp-content\/uploads\/2025\/04\/adenes-visuel-international-site-vrs-v2-300x145.png 300w, https:\/\/www.veringnordics.com\/wp-content\/uploads\/2025\/04\/adenes-visuel-international-site-vrs-v2-1030x498.png 1030w, https:\/\/www.veringnordics.com\/wp-content\/uploads\/2025\/04\/adenes-visuel-international-site-vrs-v2-768x372.png 768w, https:\/\/www.veringnordics.com\/wp-content\/uploads\/2025\/04\/adenes-visuel-international-site-vrs-v2-705x341.png 705w, https:\/\/www.veringnordics.com\/wp-content\/uploads\/2025\/04\/adenes-visuel-international-site-vrs-v2-83x40.png 83w, https:\/\/www.veringnordics.com\/wp-content\/uploads\/2025\/04\/adenes-visuel-international-site-vrs-v2-62x30.png 62w\" sizes=\"(max-width: 1240px) 100vw, 1240px\" \/><\/div><\/li><\/ul><div class='avia-slideshow-arrows avia-slideshow-controls' ><a href='#prev' class='prev-slide  avia-svg-icon avia-font-svg_entypo-fontello' data-av_svg_icon='left-open-big' data-av_iconset='svg_entypo-fontello' tabindex='-1' title=\"F\u00f6reg\u00e5ende\"><svg version=\"1.1\" xmlns=\"http:\/\/www.w3.org\/2000\/svg\" width=\"15\" height=\"32\" viewBox=\"0 0 15 32\" preserveAspectRatio=\"xMidYMid meet\" aria-labelledby='av-svg-title-1' aria-describedby='av-svg-desc-1' role=\"graphics-symbol\" aria-hidden=\"true\">\n<title id='av-svg-title-1'>F\u00f6reg\u00e5ende<\/title>\n<desc id='av-svg-desc-1'>F\u00f6reg\u00e5ende<\/desc>\n<path d=\"M14.464 27.84q0.832 0.832 0 1.536-0.832 0.832-1.536 0l-12.544-12.608q-0.768-0.768 0-1.6l12.544-12.608q0.704-0.832 1.536 0 0.832 0.704 0 1.536l-11.456 11.904z\"><\/path>\n<\/svg><span class='avia_hidden_link_text'>F\u00f6reg\u00e5ende<\/span><\/a><a href='#next' class='next-slide  avia-svg-icon avia-font-svg_entypo-fontello' data-av_svg_icon='right-open-big' data-av_iconset='svg_entypo-fontello' tabindex='-1' title=\"N\u00e4sta\"><svg version=\"1.1\" xmlns=\"http:\/\/www.w3.org\/2000\/svg\" width=\"15\" height=\"32\" viewBox=\"0 0 15 32\" preserveAspectRatio=\"xMidYMid meet\" aria-labelledby='av-svg-title-2' aria-describedby='av-svg-desc-2' role=\"graphics-symbol\" aria-hidden=\"true\">\n<title id='av-svg-title-2'>N\u00e4sta<\/title>\n<desc id='av-svg-desc-2'>N\u00e4sta<\/desc>\n<path d=\"M0.416 27.84l11.456-11.84-11.456-11.904q-0.832-0.832 0-1.536 0.832-0.832 1.536 0l12.544 12.608q0.768 0.832 0 1.6l-12.544 12.608q-0.704 0.832-1.536 0-0.832-0.704 0-1.536z\"><\/path>\n<\/svg><span class='avia_hidden_link_text'>N\u00e4sta<\/span><\/a><\/div><div class='avia-slideshow-dots avia-slideshow-controls'><a href='#1' class='goto-slide active' >1<\/a><a href='#2' class='goto-slide ' >2<\/a><a href='#3' class='goto-slide ' >3<\/a><\/div><\/div>\n<div class='flex_column_table av-2jay4o-6928e86f37477a8833520adaf2ee5631 sc-av_one_full av-equal-height-column-flextable'>\n<style type=\"text\/css\" data-created_by=\"avia_inline_auto\" id=\"style-css-av-2jay4o-6928e86f37477a8833520adaf2ee5631\">\n@keyframes av_boxShadowEffect_av-2jay4o-6928e86f37477a8833520adaf2ee5631-column {\n0%   { box-shadow:  0 0 0 0 rgba(0,0,0,0.05); opacity: 1; }\n100% { box-shadow:  0 0 30px 0 rgba(0,0,0,0.05); opacity: 1; }\n}\n.flex_column.av-2jay4o-6928e86f37477a8833520adaf2ee5631{\nbox-shadow: 0 0 30px 0 rgba(0,0,0,0.05);\npadding:50px 50px 50px 50px;\nbackground-color:rgba(255,255,255,0.9);\n}\n<\/style>\n<div  class='flex_column av-2jay4o-6928e86f37477a8833520adaf2ee5631 av_one_full  avia-builder-el-2  el_after_av_slideshow  avia-builder-el-last  first no_margin flex_column_table_cell av-equal-height-column av-align-middle shadow-not-animated  '     ><p>\n<style type=\"text\/css\" data-created_by=\"avia_inline_auto\" id=\"style-css-av-2e3qxk-51549ee23b7bc809e4cb3f48378f7ea3\">\n#top .av-special-heading.av-2e3qxk-51549ee23b7bc809e4cb3f48378f7ea3{\nmargin:0 0 0 0;\npadding-bottom:10px;\n}\nbody .av-special-heading.av-2e3qxk-51549ee23b7bc809e4cb3f48378f7ea3 .av-special-heading-tag .heading-char{\nfont-size:25px;\n}\n#top #wrap_all .av-special-heading.av-2e3qxk-51549ee23b7bc809e4cb3f48378f7ea3 .av-special-heading-tag{\npadding:0 0 0 0;\n}\n.av-special-heading.av-2e3qxk-51549ee23b7bc809e4cb3f48378f7ea3 .av-subheading{\nfont-size:15px;\n}\n<\/style>\n<div  class='av-special-heading av-2e3qxk-51549ee23b7bc809e4cb3f48378f7ea3 av-special-heading-h3 custom-color-heading blockquote modern-quote  avia-builder-el-3  el_before_av_textblock  avia-builder-el-first '><h3 class='av-special-heading-tag '  itemprop=\"headline\"  >Vering Nordics \u00e4r en del av Adenes Group<\/h3><div class=\"special-heading-border\"><div class=\"special-heading-inner-border\"><\/div><\/div><\/div><br \/>\n<section  class='av_textblock_section av-28hfr4-56ee2229b428e19d58e40c92e2ce269f '   itemscope=\"itemscope\" itemtype=\"https:\/\/schema.org\/CreativeWork\" ><div class='avia_textblock'  itemprop=\"text\" ><p>Vering Nordics \u00e4r en del av Adenes Group \u2013 en av marknadsledarna inom skadehantering och f\u00f6rs\u00e4kringstj\u00e4nster i Frankrike. Med \u00f6ver 4\u202f000 medarbetare v\u00e4rlden \u00f6ver och mer \u00e4n 1\u202f400 experter f\u00f6rdelade p\u00e5 150 kontor i Frankrike, \u00e4r Adenes en stark akt\u00f6r inom branschen. Koncernen finns idag representerad i 33 l\u00e4nder och forts\u00e4tter att v\u00e4xa internationellt, vilket cementerar koncernens position som en nyckelakt\u00f6r internationellt.<\/p>\n<p>Denna tillv\u00e4xt drivs till stor del av Adenes f\u00f6rm\u00e5ga att attrahera och integrera bolag som delar koncernens vision och ambitioner. Genom att erbjuda en stabil struktur och effektivare processer \u2013 tack vare Adenes erfarenhet \u2013 ges dessa f\u00f6retag m\u00f6jlighet att bli en del av en st\u00f6rre, internationell resa. Adenes uppmuntrar en stark entrepren\u00f6rsanda, vilket lockar f\u00f6retag med liknande v\u00e4rderingar och f\u00f6retagskultur. Det skapar synergier som fr\u00e4mjar innovation och global utveckling.<br \/>\nAdenes \u00e4r marknadsledande i Frankrike och erbjuder all typ av skadereglering.<\/p>\n<p>Adenes har m\u00e5nga typer av experter som \u00e4ven \u00e4r riktade till f\u00f6retag, privatpersoner, fastighets\u00e4gare samt offentliga och regionala myndigheter. Koncernen har ett unikt och helt\u00e4ckande ekosystem inom skadehantering \u2013 fr\u00e5n f\u00f6rebyggande till \u00e5terst\u00e4llning och projektledning samt en tredjepartsadministration som s\u00e4kerst\u00e4ller en optimal kundupplevelse och en stark lokal och global n\u00e4rvaro.<\/p>\n<\/div><\/section><br \/>\n<div  class='avia-buttonrow-wrap av-258kyo-5d83e51cf7a2f34d508e5578dc7a6036 avia-buttonrow-left  avia-builder-el-5  el_after_av_textblock  avia-builder-el-last '>\n\n<style type=\"text\/css\" data-created_by=\"avia_inline_auto\" id=\"style-css-av-1u8ksg-4c824decef9b0e5993ee6612381b4ef3\">\n#top #wrap_all .avia-button.av-1u8ksg-4c824decef9b0e5993ee6612381b4ef3{\nbackground-color:#ffffff;\nborder-color:#f18500;\ncolor:#f18500;\nborder-style:solid;\nborder-width:1px 1px 1px 1px;\ntransition:all 0.4s ease-in-out;\nmargin-bottom:5px;\nmargin-right:5px;\n}\n#top #wrap_all .avia-button.av-1u8ksg-4c824decef9b0e5993ee6612381b4ef3:hover{\nbackground-color:#f18500;\ncolor:#ffffff;\ntransition:all 0.4s ease-in-out;\n}\n#top #wrap_all .avia-button.av-1u8ksg-4c824decef9b0e5993ee6612381b4ef3 .avia-svg-icon svg:first-child{\nfill:#f18500;\nstroke:#f18500;\n}\n#top #wrap_all .avia-button.av-1u8ksg-4c824decef9b0e5993ee6612381b4ef3:hover .avia-svg-icon svg:first-child{\nfill:#ffffff;\nstroke:#ffffff;\n}\n<\/style>\n<a href='https:\/\/www.adenes.eu'  class='avia-button av-1u8ksg-4c824decef9b0e5993ee6612381b4ef3 avia-icon_select-no avia-size-small'  target=\"_blank\"  rel=\"noopener noreferrer\"  aria-label=\"L\u00e4s mer\"><span class='avia_iconbox_title' >L\u00e4s mer<\/span><\/a>\n<\/div><\/p><\/div><\/div><!--close column table wrapper. Autoclose: 1 -->\n","protected":false},"excerpt":{"rendered":"","protected":false},"author":1,"featured_media":0,"parent":0,"menu_order":0,"comment_status":"closed","ping_status":"closed","template":"","meta":{"inline_featured_image":false,"footnotes":""},"class_list":["post-919","page","type-page","status-publish","hentry"],"_links":{"self":[{"href":"https:\/\/www.veringnordics.com\/sv\/wp-json\/wp\/v2\/pages\/919","targetHints":{"allow":["GET"]}}],"collection":[{"href":"https:\/\/www.veringnordics.com\/sv\/wp-json\/wp\/v2\/pages"}],"about":[{"href":"https:\/\/www.veringnordics.com\/sv\/wp-json\/wp\/v2\/types\/page"}],"author":[{"embeddable":true,"href":"https:\/\/www.veringnordics.com\/sv\/wp-json\/wp\/v2\/users\/1"}],"replies":[{"embeddable":true,"href":"https:\/\/www.veringnordics.com\/sv\/wp-json\/wp\/v2\/comments?post=919"}],"version-history":[{"count":4,"href":"https:\/\/www.veringnordics.com\/sv\/wp-json\/wp\/v2\/pages\/919\/revisions"}],"predecessor-version":[{"id":1058,"href":"https:\/\/www.veringnordics.com\/sv\/wp-json\/wp\/v2\/pages\/919\/revisions\/1058"}],"wp:attachment":[{"href":"https:\/\/www.veringnordics.com\/sv\/wp-json\/wp\/v2\/media?parent=919"}],"curies":[{"name":"wp","href":"https:\/\/api.w.org\/{rel}","templated":true}]}}